{"id":6205,"date":"2024-02-26T15:18:39","date_gmt":"2024-02-26T18:18:39","guid":{"rendered":"https:\/\/pinajoyas.ar\/?post_type=product&#038;p=6205"},"modified":"2025-11-24T17:35:43","modified_gmt":"2025-11-24T20:35:43","slug":"loto-mini","status":"publish","type":"product","link":"https:\/\/pinajoyas.ar\/?product=loto-mini","title":{"rendered":"Loto Mini"},"content":{"rendered":"<h5>Aros Loto<\/h5>\n<ul>\n<li>Disponibles en 10 combinaciones: rosa y rojo, negro y blanco, turquesa y verde caribe, amarillo y lila, turquesa y verde caribe, lila y verde caribe, coral y naranja, celeste y coral, verde caribe y turquesa, lila y violeta.<\/li>\n<li>Dise\u00f1o e impresi\u00f3n 3D en PLA (biopl\u00e1stico de origen vegetal ultra liviano)<\/li>\n<li>Pasantes de acero quir\u00fargico y topes de silicona<\/li>\n<li>Medidas aproximadas: 4 cm de largo x 1,5 cm de ancho<\/li>\n<\/ul>\n<pre><strong>Se realizan a pedido. El tiempo de producci\u00f3n es de 4 d\u00edas h\u00e1biles<\/strong><\/pre>\n","protected":false},"excerpt":{"rendered":"<p>Aros Loto Mini<br \/>\n\u00a1Lo que tanto ped\u00edan!<br \/>\nLas bellezas de siempre en tama\u00f1o mini y a puro color \ud83d\ude42<\/p>\n","protected":false},"featured_media":6227,"template":"","meta":{"_monsterinsights_skip_tracking":false,"_monsterinsights_sitenote_active":false,"_monsterinsights_sitenote_note":"","_monsterinsights_sitenote_category":0,"site-sidebar-layout":"default","site-content-layout":"default","ast-site-content-layout":"default","site-content-style":"default","site-sidebar-style":"default","ast-global-header-display":"","ast-banner-title-visibility":"","ast-main-header-display":"","ast-hfb-above-header-display":"","ast-hfb-below-header-display":"","ast-hfb-mobile-header-display":"","site-post-title":"","ast-breadcrumbs-content":"","ast-featured-img":"","footer-sml-layout":"","ast-disable-related-posts":"","theme-transparent-header-meta":"default","adv-header-id-meta":"","stick-header-meta":"","header-above-stick-meta":"","header-main-stick-meta":"","header-below-stick-meta":"","astra-migrate-meta-layouts":"set","ast-page-background-enabled":"default","ast-page-background-meta":{"desktop":{"background-color":"","background-image":"","background-repeat":"repeat","background-position":"center center","background-size":"auto","background-attachment":"scroll","background-type":"","background-media":"","overlay-type":"","overlay-color":"","overlay-opacity":"","overlay-gradient":""},"tablet":{"background-color":"","background-image":"","background-repeat":"repeat","background-position":"center center","background-size":"auto","background-attachment":"scroll","background-type":"","background-media":"","overlay-type":"","overlay-color":"","overlay-opacity":"","overlay-gradient":""},"mobile":{"background-color":"","background-image":"","background-repeat":"repeat","background-position":"center center","background-size":"auto","background-attachment":"scroll","background-type":"","background-media":"","overlay-type":"","overlay-color":"","overlay-opacity":"","overlay-gradient":""}},"ast-content-background-meta":{"desktop":{"background-color":"var(--ast-global-color-5)","background-image":"","background-repeat":"repeat","background-position":"center center","background-size":"auto","background-attachment":"scroll","background-type":"","background-media":"","overlay-type":"","overlay-color":"","overlay-opacity":"","overlay-gradient":""},"tablet":{"background-color":"var(--ast-global-color-5)","background-image":"","background-repeat":"repeat","background-position":"center center","background-size":"auto","background-attachment":"scroll","background-type":"","background-media":"","overlay-type":"","overlay-color":"","overlay-opacity":"","overlay-gradient":""},"mobile":{"background-color":"var(--ast-global-color-5)","background-image":"","background-repeat":"repeat","background-position":"center center","background-size":"auto","background-attachment":"scroll","background-type":"","background-media":"","overlay-type":"","overlay-color":"","overlay-opacity":"","overlay-gradient":""}}},"product_brand":[],"product_cat":[31],"product_tag":[],"giftcard-category":[],"class_list":{"0":"post-6205","1":"product","2":"type-product","3":"status-publish","4":"has-post-thumbnail","6":"product_cat-aros","7":"desktop-align-center","8":"tablet-align-left","9":"mobile-align-left","11":"first","12":"outofstock","13":"sale","14":"featured","15":"shipping-taxable","16":"purchasable","17":"product-type-variable"},"aioseo_notices":[],"jetpack_sharing_enabled":true,"_links":{"self":[{"href":"https:\/\/pinajoyas.ar\/index.php?rest_route=\/wp\/v2\/product\/6205","targetHints":{"allow":["GET"]}}],"collection":[{"href":"https:\/\/pinajoyas.ar\/index.php?rest_route=\/wp\/v2\/product"}],"about":[{"href":"https:\/\/pinajoyas.ar\/index.php?rest_route=\/wp\/v2\/types\/product"}],"wp:featuredmedia":[{"embeddable":true,"href":"https:\/\/pinajoyas.ar\/index.php?rest_route=\/wp\/v2\/media\/6227"}],"wp:attachment":[{"href":"https:\/\/pinajoyas.ar\/index.php?rest_route=%2Fwp%2Fv2%2Fmedia&parent=6205"}],"wp:term":[{"taxonomy":"product_brand","embeddable":true,"href":"https:\/\/pinajoyas.ar\/index.php?rest_route=%2Fwp%2Fv2%2Fproduct_brand&post=6205"},{"taxonomy":"product_cat","embeddable":true,"href":"https:\/\/pinajoyas.ar\/index.php?rest_route=%2Fwp%2Fv2%2Fproduct_cat&post=6205"},{"taxonomy":"product_tag","embeddable":true,"href":"https:\/\/pinajoyas.ar\/index.php?rest_route=%2Fwp%2Fv2%2Fproduct_tag&post=6205"},{"taxonomy":"giftcard-category","embeddable":true,"href":"https:\/\/pinajoyas.ar\/index.php?rest_route=%2Fwp%2Fv2%2Fgiftcard-category&post=6205"}],"curies":[{"name":"wp","href":"https:\/\/api.w.org\/{rel}","templated":true}]}}