{"id":6394,"date":"2024-05-07T18:39:59","date_gmt":"2024-05-07T21:39:59","guid":{"rendered":"https:\/\/pinajoyas.ar\/?post_type=product&#038;p=6394"},"modified":"2025-12-22T23:18:07","modified_gmt":"2025-12-23T02:18:07","slug":"loto-argentinos","status":"publish","type":"product","link":"https:\/\/pinajoyas.ar\/?product=loto-argentinos","title":{"rendered":"Loto argentino"},"content":{"rendered":"<h5 style=\"text-align: left;\">Aros Loto argentino \ud83d\udc99\ud83e\udd0d\ud83d\udc99<\/h5>\n<ul>\n<li>Los aros Loto de siempre en versi\u00f3n celeste y blanco \ud83d\ude42<\/li>\n<li>Dise\u00f1o e impresi\u00f3n 3D en PLA un biopl\u00e1stico de origen vegetal (ultra liviano)<\/li>\n<li>Pasantes de acero quir\u00fargico y topes de silicona<\/li>\n<li>Medidas aproximadas:\n<ul>\n<li style=\"list-style-type: none;\">\n<ul>\n<li>Loto 6 cm de largo x 2,5 cm de ancho<\/li>\n<li>Loto mini 4 cm de largo x 1,5 cm de ancho<\/li>\n<\/ul>\n<\/li>\n<\/ul>\n<\/li>\n<\/ul>\n<pre><strong>Se realizan a pedido. El tiempo de producci\u00f3n es de 4 d\u00edas h\u00e1biles<\/strong><\/pre>\n","protected":false},"excerpt":{"rendered":"<p style=\"text-align: left;\">Los Loto que amamos en versi\u00f3n argenta \ud83d\ude42<\/p>\n","protected":false},"featured_media":6393,"template":"","meta":{"_monsterinsights_skip_tracking":false,"_monsterinsights_sitenote_active":false,"_monsterinsights_sitenote_note":"","_monsterinsights_sitenote_category":0,"site-sidebar-layout":"default","site-content-layout":"default","ast-site-content-layout":"default","site-content-style":"default","site-sidebar-style":"default","ast-global-header-display":"","ast-banner-title-visibility":"","ast-main-header-display":"","ast-hfb-above-header-display":"","ast-hfb-below-header-display":"","ast-hfb-mobile-header-display":"","site-post-title":"","ast-breadcrumbs-content":"","ast-featured-img":"","footer-sml-layout":"","ast-disable-related-posts":"","theme-transparent-header-meta":"default","adv-header-id-meta":"","stick-header-meta":"","header-above-stick-meta":"","header-main-stick-meta":"","header-below-stick-meta":"","astra-migrate-meta-layouts":"set","ast-page-background-enabled":"default","ast-page-background-meta":{"desktop":{"background-color":"","background-image":"","background-repeat":"repeat","background-position":"center center","background-size":"auto","background-attachment":"scroll","background-type":"","background-media":"","overlay-type":"","overlay-color":"","overlay-opacity":"","overlay-gradient":""},"tablet":{"background-color":"","background-image":"","background-repeat":"repeat","background-position":"center center","background-size":"auto","background-attachment":"scroll","background-type":"","background-media":"","overlay-type":"","overlay-color":"","overlay-opacity":"","overlay-gradient":""},"mobile":{"background-color":"","background-image":"","background-repeat":"repeat","background-position":"center center","background-size":"auto","background-attachment":"scroll","background-type":"","background-media":"","overlay-type":"","overlay-color":"","overlay-opacity":"","overlay-gradient":""}},"ast-content-background-meta":{"desktop":{"background-color":"var(--ast-global-color-5)","background-image":"","background-repeat":"repeat","background-position":"center center","background-size":"auto","background-attachment":"scroll","background-type":"","background-media":"","overlay-type":"","overlay-color":"","overlay-opacity":"","overlay-gradient":""},"tablet":{"background-color":"var(--ast-global-color-5)","background-image":"","background-repeat":"repeat","background-position":"center center","background-size":"auto","background-attachment":"scroll","background-type":"","background-media":"","overlay-type":"","overlay-color":"","overlay-opacity":"","overlay-gradient":""},"mobile":{"background-color":"var(--ast-global-color-5)","background-image":"","background-repeat":"repeat","background-position":"center center","background-size":"auto","background-attachment":"scroll","background-type":"","background-media":"","overlay-type":"","overlay-color":"","overlay-opacity":"","overlay-gradient":""}}},"product_brand":[],"product_cat":[31],"product_tag":[],"giftcard-category":[],"class_list":{"0":"post-6394","1":"product","2":"type-product","3":"status-publish","4":"has-post-thumbnail","6":"product_cat-aros","7":"desktop-align-center","8":"tablet-align-left","9":"mobile-align-left","11":"first","12":"instock","13":"sale","14":"shipping-taxable","15":"purchasable","16":"product-type-variable"},"aioseo_notices":[],"jetpack_sharing_enabled":true,"_links":{"self":[{"href":"https:\/\/pinajoyas.ar\/index.php?rest_route=\/wp\/v2\/product\/6394","targetHints":{"allow":["GET"]}}],"collection":[{"href":"https:\/\/pinajoyas.ar\/index.php?rest_route=\/wp\/v2\/product"}],"about":[{"href":"https:\/\/pinajoyas.ar\/index.php?rest_route=\/wp\/v2\/types\/product"}],"wp:featuredmedia":[{"embeddable":true,"href":"https:\/\/pinajoyas.ar\/index.php?rest_route=\/wp\/v2\/media\/6393"}],"wp:attachment":[{"href":"https:\/\/pinajoyas.ar\/index.php?rest_route=%2Fwp%2Fv2%2Fmedia&parent=6394"}],"wp:term":[{"taxonomy":"product_brand","embeddable":true,"href":"https:\/\/pinajoyas.ar\/index.php?rest_route=%2Fwp%2Fv2%2Fproduct_brand&post=6394"},{"taxonomy":"product_cat","embeddable":true,"href":"https:\/\/pinajoyas.ar\/index.php?rest_route=%2Fwp%2Fv2%2Fproduct_cat&post=6394"},{"taxonomy":"product_tag","embeddable":true,"href":"https:\/\/pinajoyas.ar\/index.php?rest_route=%2Fwp%2Fv2%2Fproduct_tag&post=6394"},{"taxonomy":"giftcard-category","embeddable":true,"href":"https:\/\/pinajoyas.ar\/index.php?rest_route=%2Fwp%2Fv2%2Fgiftcard-category&post=6394"}],"curies":[{"name":"wp","href":"https:\/\/api.w.org\/{rel}","templated":true}]}}