{"id":6828,"date":"2025-02-07T19:59:31","date_gmt":"2025-02-07T22:59:31","guid":{"rendered":"https:\/\/pinajoyas.ar\/?post_type=product&#038;p=6828"},"modified":"2025-12-11T17:27:22","modified_gmt":"2025-12-11T20:27:22","slug":"suri-flash-sale","status":"publish","type":"product","link":"https:\/\/pinajoyas.ar\/?product=suri-flash-sale","title":{"rendered":"Suri &#8211; Flash sale"},"content":{"rendered":"<h5>Aros Suri<\/h5>\n<ul>\n<li>Realizados en impresi\u00f3n 3D con PLA (biopl\u00e1stico de origen vegetal, ultra liviano)<\/li>\n<li>Con pasante de acero quir\u00fargico (hipoalarg\u00e9nico) y topes de silicona.<\/li>\n<li>Medidas aproximadas: 6 cm de largo x 3 cm de ancho<\/li>\n<\/ul>\n","protected":false},"excerpt":{"rendered":"<p>\u00a1Nos despedimos de los Suri!<br \/>\nLa \u00faltima chance para llevarte este dise\u00f1o ic\u00f3nico de Pina \ud83d\udd25<\/p>\n","protected":false},"featured_media":6709,"template":"","meta":{"_monsterinsights_skip_tracking":false,"_monsterinsights_sitenote_active":false,"_monsterinsights_sitenote_note":"","_monsterinsights_sitenote_category":0,"site-sidebar-layout":"default","site-content-layout":"","ast-site-content-layout":"default","site-content-style":"default","site-sidebar-style":"default","ast-global-header-display":"","ast-banner-title-visibility":"","ast-main-header-display":"","ast-hfb-above-header-display":"","ast-hfb-below-header-display":"","ast-hfb-mobile-header-display":"","site-post-title":"","ast-breadcrumbs-content":"","ast-featured-img":"","footer-sml-layout":"","ast-disable-related-posts":"","theme-transparent-header-meta":"default","adv-header-id-meta":"","stick-header-meta":"","header-above-stick-meta":"","header-main-stick-meta":"","header-below-stick-meta":"","astra-migrate-meta-layouts":"set","ast-page-background-enabled":"default","ast-page-background-meta":{"desktop":{"background-color":"","background-image":"","background-repeat":"repeat","background-position":"center center","background-size":"auto","background-attachment":"scroll","background-type":"","background-media":"","overlay-type":"","overlay-color":"","overlay-opacity":"","overlay-gradient":""},"tablet":{"background-color":"","background-image":"","background-repeat":"repeat","background-position":"center center","background-size":"auto","background-attachment":"scroll","background-type":"","background-media":"","overlay-type":"","overlay-color":"","overlay-opacity":"","overlay-gradient":""},"mobile":{"background-color":"","background-image":"","background-repeat":"repeat","background-position":"center center","background-size":"auto","background-attachment":"scroll","background-type":"","background-media":"","overlay-type":"","overlay-color":"","overlay-opacity":"","overlay-gradient":""}},"ast-content-background-meta":{"desktop":{"background-color":"var(--ast-global-color-5)","background-image":"","background-repeat":"repeat","background-position":"center center","background-size":"auto","background-attachment":"scroll","background-type":"","background-media":"","overlay-type":"","overlay-color":"","overlay-opacity":"","overlay-gradient":""},"tablet":{"background-color":"var(--ast-global-color-5)","background-image":"","background-repeat":"repeat","background-position":"center center","background-size":"auto","background-attachment":"scroll","background-type":"","background-media":"","overlay-type":"","overlay-color":"","overlay-opacity":"","overlay-gradient":""},"mobile":{"background-color":"var(--ast-global-color-5)","background-image":"","background-repeat":"repeat","background-position":"center center","background-size":"auto","background-attachment":"scroll","background-type":"","background-media":"","overlay-type":"","overlay-color":"","overlay-opacity":"","overlay-gradient":""}}},"product_brand":[],"product_cat":[45,31],"product_tag":[],"giftcard-category":[],"class_list":{"0":"post-6828","1":"product","2":"type-product","3":"status-publish","4":"has-post-thumbnail","6":"product_cat-flash-sale","7":"product_cat-aros","8":"desktop-align-center","9":"tablet-align-left","10":"mobile-align-left","12":"first","13":"instock","14":"sale","15":"shipping-taxable","16":"purchasable","17":"product-type-variable"},"aioseo_notices":[],"jetpack_sharing_enabled":true,"_links":{"self":[{"href":"https:\/\/pinajoyas.ar\/index.php?rest_route=\/wp\/v2\/product\/6828","targetHints":{"allow":["GET"]}}],"collection":[{"href":"https:\/\/pinajoyas.ar\/index.php?rest_route=\/wp\/v2\/product"}],"about":[{"href":"https:\/\/pinajoyas.ar\/index.php?rest_route=\/wp\/v2\/types\/product"}],"wp:featuredmedia":[{"embeddable":true,"href":"https:\/\/pinajoyas.ar\/index.php?rest_route=\/wp\/v2\/media\/6709"}],"wp:attachment":[{"href":"https:\/\/pinajoyas.ar\/index.php?rest_route=%2Fwp%2Fv2%2Fmedia&parent=6828"}],"wp:term":[{"taxonomy":"product_brand","embeddable":true,"href":"https:\/\/pinajoyas.ar\/index.php?rest_route=%2Fwp%2Fv2%2Fproduct_brand&post=6828"},{"taxonomy":"product_cat","embeddable":true,"href":"https:\/\/pinajoyas.ar\/index.php?rest_route=%2Fwp%2Fv2%2Fproduct_cat&post=6828"},{"taxonomy":"product_tag","embeddable":true,"href":"https:\/\/pinajoyas.ar\/index.php?rest_route=%2Fwp%2Fv2%2Fproduct_tag&post=6828"},{"taxonomy":"giftcard-category","embeddable":true,"href":"https:\/\/pinajoyas.ar\/index.php?rest_route=%2Fwp%2Fv2%2Fgiftcard-category&post=6828"}],"curies":[{"name":"wp","href":"https:\/\/api.w.org\/{rel}","templated":true}]}}